{"id":2971,"date":"2020-01-10T15:08:33","date_gmt":"2020-01-10T14:08:33","guid":{"rendered":"http:\/\/arche-nova.mscg-it.de\/?page_id=2971"},"modified":"2020-02-19T09:38:49","modified_gmt":"2020-02-19T08:38:49","slug":"datenschutzerklaerung","status":"publish","type":"page","link":"https:\/\/restaurant-archenova.de\/en\/datenschutzerklaerung\/","title":{"rendered":"Datenschutzerkl\u00e4rung"},"content":{"rendered":"<p>[vc_row overlay_dotted=\u201d\u201d css=\u201d.vc_custom_1582101134670{padding-top: 80px !important;padding-bottom: 80px !important;}\u201d][vc_column][vc_column_text]Im Rahmen dieser Datenschutzerkl\u00e4rung werden Sie \u00fcber den Zweck und Umfang der Verarbeitung personenbezogener Daten (folgend allgemein als \u201eDaten\u201c bezeichnet) innerhalb unserer Webseite und der mit dieser verbundenen Systeme (folgend allgemein als \u201eOnlineangebot\u201c bezeichnet) aufgekl\u00e4rt. Die Verwendung der Begrifflichkeiten orientiert sich dabei, wenn nicht anders angegeben, an Art. 4 der der Datenschutzgrundverordnung (DSGVO).<\/p>\n\n<p>&nbsp;<\/p>\n\n<h2>Betroffene Personen<\/h2>\n\n<p>Besucher unseres Onlineangebotes (folgend allgemein als \u201cNutzer\u201d bezeichnet)<\/p>\n\n<p>&nbsp;<\/p>\n\n<h2>Verwendungszweck der&nbsp;Daten<\/h2>\n\n<p>&nbsp;<\/p>\n\n<ul>\n<li>inhaltliche und funktionelle Bereitstellung des Onlineangebotes<\/li>\n<li>Kommunikation mit dem Nutzer (bspw. durch Beantwortung eingesendeter Kontaktanfragen)<\/li>\n<li>Abwehr von Gefahren<\/li>\n<li>Reichweitenmessung und Marketingaktivit\u00e4ten Marketing<\/li>\n<\/ul>\n\n<p>&nbsp;<\/p>\n\n<h2>Arten der verarbeiteten Daten<\/h2>\n\n<p>&nbsp;<\/p>\n\n<ul>\n<li>Inhaltsdaten (bspw. Texteingaben, multimediale Daten)<\/li>\n<li>Nutzungsdaten (bspw. besuchte Webseiten, Zugriffszeiten)<\/li>\n<li>Meta-\/Kommunikationsdaten (bspw. Browser-Informationen, IP-Adressen)<\/li>\n<li>Kontaktdaten (bspw. Name, Adresse, E\u2011Mail, Telefonnummer)<\/li>\n<\/ul>\n\n<p>&nbsp;<\/p>\n\n<h2>Rechtsgrundlagen<\/h2>\n\n<p>Gem\u00e4\u00df Art. 13 DSGVO werden Ihnen die Rechtsgrundlagen der Datenverarbeitung in der Datenschutzerkl\u00e4rung genannt. Sollte dies in einem Fall nicht zutreffen, so ergeben sich die Rechtsgrundlagen gem\u00e4\u00df Artikel 6 Abs. 1 sowie Artikel 7&nbsp;DSGVO.<\/p>\n\n<p>&nbsp;<\/p>\n\n<h2>Zusammenarbeit mit Auftragsverarbeitern und Dritten<\/h2>\n\n<p>Sollten wir anderen Personen oder Unternehmen (Auftragsverarbeiter oder Dritte) Zugriff auf die Daten ggf. zwecks konkreter Verarbeitung in unserem Sinne gew\u00e4hren, so erfolgt dies aufgrund einer rechtlichen Verpflichtung, einer gesetzlichen Erlaubnis (bspw. zur Vertragserf\u00fcllung gem\u00e4\u00df Art. 6 Abs. 1 lit. b DSGVO), aufgrund Ihrer Einwilligung oder aufgrund unseren berechtigtem Interesse (bspw. Einsatz von Agenturen\/Webhostern).<\/p>\n\n<p>Wurden Dritte mit der Verarbeitung von Daten beauftragt, so geschieht dies gem\u00e4\u00df Art. 28 DSGVO auf Grundlage eines Auftragsverarbeitungsvertrages.<\/p>\n\n<p>&nbsp;<\/p>\n\n<h2>\u00dcbermittlungen in Drittl\u00e4nder<\/h2>\n\n<p>Nur zum Zweck der Erf\u00fcllung (vor)vertraglicher Pflichten, auf Grundlage Ihrer Einwilligung, auf Grundlage rechtlicher Verpflichtungen oder auf Grundlage unserer berechtigten Interessen erfolgt eine Verarbeitung von Daten in einem Drittland (au\u00dferhalb Europ\u00e4ischer Union und au\u00dferhalb des Europ\u00e4ischen Wirtschaftsraums). Die Verarbeitung der Daten erfolgt dabei unter den in Artikel 44 ff. DSGVO vorgegebenen Voraussetzungen. Dies erfolgt u.a. auf Grundlage besonderer Garantien, wie sie bspw. bei der offiziell anerkannten Festellung einer der EU entsprechenden Datenschutzniveaus (bspw. durch das \u201ePrivacy Shield\u201c) oder durch offiziell anerkannte spezielle vertragliche Verpflichtungen (\u201cStandardvertragsklauseln\u201d).<\/p>\n\n<p>&nbsp;<\/p>\n\n<h2>Rechte der Nutzer<\/h2>\n\n<p>Nutzern werden gem\u00e4\u00df Art. 15 DSGVO Rechte \u00fcber eine Best\u00e4tigung der Verarbeitung von sie betreffenden Daten sowie auf deren Auskunft einger\u00e4umt.<\/p>\n\n<p>Gem\u00e4\u00df Art. 16 DSGVO haben Sie das Recht, die Vervollst\u00e4ndigung bzw. Berichtigung der Sie betreffenden Daten zu verlangen.<\/p>\n\n<p>Weiterhin sichert Ihnen Art. 17 DSGVO das Recht zu, zu verlangen, dass Sie betreffende Daten unverz\u00fcglich gel\u00f6scht bzw. alternativ (bspw. wenn gesetzliche Aufbewahrungspflichten dem entgegen stehen) nach Art. 18 DSGVO in ihrer Verarbeitung eingeschr\u00e4nkt werden.<\/p>\n\n<p>Ihnen steht gem\u00e4\u00df Art. 20 DSGVO zu Sie betreffende Daten zu erhalten.<\/p>\n\n<p>Final haben Sie gem\u00e4\u00df Art. 77 DSGVO das Recht Beschwerde bei der zust\u00e4ndigen Aufsichtsbeh\u00f6rde einzureichen.<\/p>\n\n<p>&nbsp;<\/p>\n\n<h2>Widerruf und Widerspruch<\/h2>\n\n<p>Gem\u00e4\u00df Art. 7 Abs. 3 DSGVO haben Sie das Recht, erteilte Einwilligungen mit zuk\u00fcnftiger Wirkung zu widerrufen.<\/p>\n\n<p>Weiterhin k\u00f6nnen Sie der k\u00fcnftigen Verarbeitung von Daten, die Sie betreffen, gem\u00e4\u00df Art. 21 DSGVO jederzeit widersprechen. Der Widerspruch kann insbesondere gegen die Verarbeitung f\u00fcr Zwecke der Direktwerbung erfolgen.<\/p>\n\n<p>&nbsp;<\/p>\n\n<h2>Cookies<\/h2>\n\n<p>Unser Onlineangebot benutzt Cookies. Cookies sind kleine Textdateien, die beim Besuch unserer Webseite auf Ihrem Computer gespeichert werden. Cookies k\u00f6nnen Informationen \u00fcber Sie und Ihre Interessen enthalten. Sie dienen auch dazu, w\u00e4hrend oder nach einem Besuch die Angaben des Nutzers zu speichern. Au\u00dferdem ergeben Cookies keinerlei R\u00fcckschluss auf Ihre Identit\u00e4t. Beim Aufrufen der Webseite erscheint ein Hinweis, dass die Webseite Cookies verwendet und mit Ihrer Zustimmung ein Cookie angelegt werden darf. Sollten Sie keine Cookies w\u00fcnschen, so deaktivieren bzw. l\u00f6schen Sie bitte die Speicherung von Cookies in den Einstellungen des Browsers. Sitzungs-Cookies (Session-Cookies) werden beim Verlassen des Onlineangebots durch das Schlie\u00dfen des Browsers gel\u00f6scht. Persistente Cookies haben eine variable Lebensdauer, die sich \u00fcber die Browsersitzung hinaus erstrecken kann, so dass hier Loginstatus oder andere Informationen, die Ihnen die Nutzung des Onlineangebots optimieren, gespeichert werden k\u00f6nnen. Drittanbieter-Cookies sind Cookies, die von anderen Anbietern au\u00dfer dem Verantwortlichen des Onlineangebots gesetzt werden. \u00dcber die Verwendung der jeweiligen Cookies wird in der Datenschutzerkl\u00e4rung aufgekl\u00e4rt. Ein Ausschluss von Cookies kann zu Funktionseinschr\u00e4nkungen f\u00fchren.<\/p>\n\n<p>&nbsp;<\/p>\n\n<h2>L\u00f6schung von&nbsp;Daten<\/h2>\n\n<p>Wenn nicht anders im Rahmen dieser Datenschutzerkl\u00e4rung angegeben, erfolgt eine L\u00f6schung der bei uns gespeicherten Daten sobald diese f\u00fcr die Zweckbestimmung nicht mehr erforderlich sind und einer L\u00f6schung keine gesetzlichen Aufbewahrungspflichten entgegenstehen. Diese Aufbewahrungspflichten differieren je nach Art in der Regel zwischen 6 und 10 Jahren (vgl. \u00a7 257 Abs. 1 HGB und \u00a7 147 Abs. 1&nbsp;AO).<\/p>\n\n<p>&nbsp;<\/p>\n\n<h2>Hosting<\/h2>\n\n<p>Um Ihnen das Onlineangebot anbieten zu k\u00f6nnen, bedienen wir uns diverser Hosting-Dienstleistungen (Infrastruktur, Rechenkapazit\u00e4t, Speicherplatz, Sicherheit, Wartung). In diesem Rahmen verarbeiten sowohl wir als auch unser Hosting-Dienstleister auf Grundlage unseres berechtigten Interesses an einer sicheren und professionellen Bereitstellung des Onlineangebots gem\u00e4\u00df Art. 6 Abs. 1 lit. f DSGVO und Art. 28 DSGVO Inhaltsdaten, Nutzungsdaten, Meta-\/Kommunikationsdaten und Kontaktdaten von Besuchern dieses Onlineangebots.<\/p>\n\n<p>&nbsp;<\/p>\n\n<h2>Erhebung von Zugriffsdaten und Logfiles<\/h2>\n\n<p>Unser Hosting Anbieter speichert im Sinne des Art. 6 Abs. 1 lit. f. DSGVO Daten von jedem Nutzerzugriff auf den Server, auf dem sich das Onlineangebot befindet (Serverlogfiles). Folgende Zugriffsdaten werden erhoben: Name der abgerufenen Webseite, Datei, Datum, Uhrzeit des Abrufs, \u00fcbertragene Datenmenge, Meldungen \u00fcber den erfolgreichen Abruf, Browsertyp, Betriebssystem des Nutzers, Referrer URL, IP-Adresse sowie der anfragende Provider. Die Server-Logfiles-Informationen dienen der stabilen Bereitstellung des Onlineangebots sowie der Gefahrenabwehr und \u2011nachweis, werden nur f\u00fcr eine bestimmte Zeit gespeichert und danach gel\u00f6scht. Ist zu Beweiszwecken eine weitere Aufbewahrung der Daten erforderlich, werden diese bis zur endg\u00fcltigen Kl\u00e4rung des Vorfalls nicht gel\u00f6scht.<\/p>\n\n<p>&nbsp;<\/p>\n\n<h2>Kontaktaufnahme<\/h2>\n\n<p>Erfolgt eine Kontaktaufnahme (bspw. via E\u2011Mail, Kontaktformular, Telefon oder mittels sozialer Medien) werden zur Bearbeitung der Kontaktanfrage Angaben des Nutzers gem. Art. 6 Abs. 1 lit. b DSGVO verarbeitet. Die Angaben der Informationen \u00fcber den Nutzer k\u00f6nnen in einem Customer-Relationship-Management System (\u201cCRM System\u201d) oder vergleichbarer Verwaltungssoftware gespeichert werden.<\/p>\n\n<p>Daten der Anfragen werden gel\u00f6scht, sofern sie nicht mehr erforderlich sind. Die Erforderlichkeit wird in regelm\u00e4\u00dfigen Abst\u00e4nden (in der Regel alle zwei Jahre) \u00fcberpr\u00fcft. Dar\u00fcber hinaus k\u00f6nnen gesetzliche Archivierungspflichten gelten.<\/p>\n\n<p>&nbsp;<\/p>\n\n<h2>Einbindung von Diensten und Inhalten Dritter<\/h2>\n\n<p>Innerhalb unseres Onlineangebotes setzen wir auf Grundlage unseres berechtigten Interesses (bspw. Interesse an Optimierung des wirtschaftlichen Betriebs des Onlineangebots durch Analysetechniken gem\u00e4\u00df Art. 6 Abs. 1 lit. f. DSGVO) Inhalts- oder Serviceangebote von Drittanbietern ein, um damit unser Onlineangebot bspw. durch die Einbindung von Schriften oder Karten zu bereichern.<\/p>\n\n<p>Resultierend hieraus ist es f\u00fcr die Darstellung technisch erforderlich, dass der Drittanbieter bspw. die IP-Adresse des Nutzers mittels der Standard-Browser-Kommunikation wahrnehmen k\u00f6nnen.<\/p>\n\n<p>Obwohl in der Regel nicht durch uns beabsichtigt, k\u00f6nnen Drittanbieter unsichtbare Grafiken (Pixel-Tags) f\u00fcr statistische oder Marketingzwecke ausliefern. Dabei k\u00f6nnen Daten \u00fcber die Besucher des Onlineangebots generiert werden (bspw. Name der abgerufenen Webseite, Datei, Datum, Uhrzeit des Abrufs, \u00fcbertragene Datenmenge, Meldungen \u00fcber den erfolgreichen Abruf, Browsertyp, Betriebssystem des Nutzers, Referrer URL, IP-Adresse sowie der anfragende Provider) und mit anderen uns nicht bekannten Quellen bspw. \u00fcber Cookies verbunden werden.<\/p>\n\n<p>&nbsp;<\/p>\n\n<h3>Google Fonts<\/h3>\n\n<p>Im Onlineangebot Schriftarten (\u201cFonts\u201d) des Anbieters Google LLC, 1600 Amphitheatre Parkway, Mountain View, CA 94043, USA genutzt.<\/p>\n\n<p>Datenschutzerkl\u00e4rung des Anbieters: <a href=\"https:\/\/www.google.com\/policies\/privacy\/\">https:\/\/www.google.com\/policies\/privacy<\/a>\/<br>Opt-Out des Anbieters: <a href=\"https:\/\/adssettings.google.com\/authenticated\">https:\/\/adssettings.google.com\/authenticated<\/a><\/p>\n\n<p>&nbsp;<\/p>\n\n<h3>OpenTable<\/h3>\n\n<p>W\u00e4hrend der Nutzung des Online Reservierungssystems werden Daten weitergegeben an OpenTable GmbH, Zeil 109, Frankfurt 60313, da das Reservierungssystem von diesem Anbieter betrieben wird.<\/p>\n\n<p>Datenschutzerkl\u00e4rung des Anbieters: <a href=\"https:\/\/www.opentable.de\/legal\/privacy-policy\">https:\/\/www.opentable.de\/legal\/privacy-policy<\/a><\/p>\n\n<p>&nbsp;<\/p>\n\n<h3>OpenStreetMap<\/h3>\n\n<p>Die Webseite nutzt Landkarten von \u201cOpenStreetMap\u201d. Dies ist ein Dienst, dessen Leistungen \u00fcber eine \u201cOpen Data Commons Open Database Lizenz\u201d durch den Anbieter \u201cOpenStreetMap Foundation\u201d (OSMF) angeboten werden. OpenStreetMap nutzt die gewonnenen Daten der Nutzer ausschlie\u00dflich zur Speicherung von nutzerspezifischen Einstellungen und der Darstellung der Kartenfunktionen. Zu den \u00fcber den Nutzer \u00fcbermittelten Daten k\u00f6nnen insbesondere Standortdaten und die verwendeten IP-Adressen geh\u00f6ren.<\/p>\n\n<p>Datenschutzerkl\u00e4rung des Anbieters: <a href=\"https:\/\/wiki.openstreetmap.org\/wiki\/Privacy_Policy\">https:\/\/wiki.openstreetmap.org\/wiki\/Privacy_Policy<\/a><\/p>\n\n<p>&nbsp;<\/p>\n\n<h3>Content Delivery Networks (CDN)<\/h3>\n\n<p>Eines der Vorteile eines CDN ist die Reduzierung der Ladezeit, da statische Dateien wie Java-Script-Bibliotheken oder Schriften von schnellen, standortnahen und wenig ausgelasteten Servern \u00fcbertragen werden. Dabei wird aus technischen Gr\u00fcnden bspw. Ihre IP \u00fcbertragen. Die Anbieter betreiben Server in der EU, aus technischen Gr\u00fcnden kann aber nicht ausgeschlossen werden, dass auch auf Server au\u00dferhalb der EU Zugriff genommen wird.Das Onlineangebot nutzt zur Verk\u00fcrzung von Ladezeiten den Dienst MaxCDN (BootstrapCDN) von NetDNA, LLC (3575 Cahuenga Blvd. West, Suite 330, Los Angeles, CA 90068, USA).<\/p>\n\n<p>Datenschutzerkl\u00e4rung des Anbieters: <a href=\"https:\/\/www.bootstrapcdn.com\/privacy-policy\/\">https:\/\/www.bootstrapcdn.com\/privacy-policy\/<\/a><\/p>\n<p>[\/vc_column_text][\/vc_column][\/vc_row]<\/p>","protected":false},"excerpt":{"rendered":"[vc_row overlay_dotted=\u201d\u201d css=\u201d.vc_custom_1582101134670{padding-top: 80px !important;padding-bottom: 80px !important;}\u201d][vc_column][vc_column_text]Im Rahmen dieser Datenschutzerkl\u00e4rung werden Sie \u00fcber den Zweck und Umfang der Verarbeitung personenbezogener Daten (folgend allgemein als \u201eDaten\u201c bezeichnet) innerhalb unserer Webseite und der mit dieser verbundenen Systeme (folgend allgemein als \u201eOnlineangebot\u201c bezeichnet) aufgekl\u00e4rt. Die Verwendung der Begrifflichkeiten orientiert sich dabei, wenn nicht anders angegeben, an Art.&nbsp;4[\u2026]","protected":false},"author":1,"featured_media":0,"parent":0,"menu_order":0,"comment_status":"closed","ping_status":"open","template":"","meta":{"wp_typography_post_enhancements_disabled":false},"yoast_head":"<!-- This site is optimized with the Yoast SEO plugin v16.3 - https:\/\/yoast.com\/wordpress\/plugins\/seo\/ -->\n<title>Datenschutzerkl\u00e4rung - Restaurant Arche Nova<\/title>\n<meta name=\"robots\" content=\"index, follow, max-snippet:-1, max-image-preview:large, max-video-preview:-1\" \/>\n<link rel=\"canonical\" href=\"https:\/\/restaurant-archenova.de\/en\/datenschutzerklaerung\/\" \/>\n<meta property=\"og:locale\" content=\"en_US\" \/>\n<meta property=\"og:type\" content=\"article\" \/>\n<meta property=\"og:title\" content=\"Datenschutzerkl\u00e4rung - Restaurant Arche Nova\" \/>\n<meta property=\"og:description\" content=\"[vc_row overlay_dotted=\u201d\u201d css=\u201d.vc_custom_1582101134670{padding-top: 80px !important;padding-bottom: 80px !important;}\u201d][vc_column][vc_column_text]Im Rahmen dieser Datenschutzerkl\u00e4rung werden Sie \u00fcber den Zweck und Umfang der Verarbeitung personenbezogener Daten (folgend allgemein als \u201eDaten\u201c bezeichnet) innerhalb unserer Webseite und der mit dieser verbundenen Systeme (folgend allgemein als \u201eOnlineangebot\u201c bezeichnet) aufgekl\u00e4rt. Die Verwendung der Begrifflichkeiten orientiert sich dabei, wenn nicht anders angegeben, an Art. 4[...]\" \/>\n<meta property=\"og:url\" content=\"https:\/\/restaurant-archenova.de\/en\/datenschutzerklaerung\/\" \/>\n<meta property=\"og:site_name\" content=\"Restaurant Arche Nova\" \/>\n<meta property=\"article:modified_time\" content=\"2020-02-19T08:38:49+00:00\" \/>\n<meta name=\"twitter:card\" content=\"summary_large_image\" \/>\n<meta name=\"twitter:label1\" content=\"Est. reading time\">\n\t<meta name=\"twitter:data1\" content=\"7 minutes\">\n<script type=\"application\/ld+json\" class=\"yoast-schema-graph\">{\"@context\":\"https:\/\/schema.org\",\"@graph\":[{\"@type\":\"WebSite\",\"@id\":\"https:\/\/restaurant-archenova.de\/en\/#website\",\"url\":\"https:\/\/restaurant-archenova.de\/en\/\",\"name\":\"Restaurant Arche Nova\",\"description\":\"\",\"potentialAction\":[{\"@type\":\"SearchAction\",\"target\":\"https:\/\/restaurant-archenova.de\/en\/?s={search_term_string}\",\"query-input\":\"required name=search_term_string\"}],\"inLanguage\":\"en-US\"},{\"@type\":\"WebPage\",\"@id\":\"https:\/\/restaurant-archenova.de\/en\/datenschutzerklaerung\/#webpage\",\"url\":\"https:\/\/restaurant-archenova.de\/en\/datenschutzerklaerung\/\",\"name\":\"Datenschutzerkl\\u00e4rung - Restaurant Arche Nova\",\"isPartOf\":{\"@id\":\"https:\/\/restaurant-archenova.de\/en\/#website\"},\"datePublished\":\"2020-01-10T14:08:33+00:00\",\"dateModified\":\"2020-02-19T08:38:49+00:00\",\"breadcrumb\":{\"@id\":\"https:\/\/restaurant-archenova.de\/en\/datenschutzerklaerung\/#breadcrumb\"},\"inLanguage\":\"en-US\",\"potentialAction\":[{\"@type\":\"ReadAction\",\"target\":[\"https:\/\/restaurant-archenova.de\/en\/datenschutzerklaerung\/\"]}]},{\"@type\":\"BreadcrumbList\",\"@id\":\"https:\/\/restaurant-archenova.de\/en\/datenschutzerklaerung\/#breadcrumb\",\"itemListElement\":[{\"@type\":\"ListItem\",\"position\":1,\"item\":{\"@type\":\"WebPage\",\"@id\":\"https:\/\/restaurant-archenova.de\/en\/\",\"url\":\"https:\/\/restaurant-archenova.de\/en\/\",\"name\":\"Startseite\"}},{\"@type\":\"ListItem\",\"position\":2,\"item\":{\"@id\":\"https:\/\/restaurant-archenova.de\/en\/datenschutzerklaerung\/#webpage\"}}]}]}<\/script>\n<!-- \/ Yoast SEO plugin. -->","_links":{"self":[{"href":"https:\/\/restaurant-archenova.de\/en\/wp-json\/wp\/v2\/pages\/2971"}],"collection":[{"href":"https:\/\/restaurant-archenova.de\/en\/wp-json\/wp\/v2\/pages"}],"about":[{"href":"https:\/\/restaurant-archenova.de\/en\/wp-json\/wp\/v2\/types\/page"}],"author":[{"embeddable":true,"href":"https:\/\/restaurant-archenova.de\/en\/wp-json\/wp\/v2\/users\/1"}],"replies":[{"embeddable":true,"href":"https:\/\/restaurant-archenova.de\/en\/wp-json\/wp\/v2\/comments?post=2971"}],"version-history":[{"count":2,"href":"https:\/\/restaurant-archenova.de\/en\/wp-json\/wp\/v2\/pages\/2971\/revisions"}],"predecessor-version":[{"id":3224,"href":"https:\/\/restaurant-archenova.de\/en\/wp-json\/wp\/v2\/pages\/2971\/revisions\/3224"}],"wp:attachment":[{"href":"https:\/\/restaurant-archenova.de\/en\/wp-json\/wp\/v2\/media?parent=2971"}],"curies":[{"name":"wp","href":"https:\/\/api.w.org\/{rel}","templated":true}]}}